{"id":3,"date":"2024-06-18T00:20:42","date_gmt":"2024-06-18T03:20:42","guid":{"rendered":"http:\/\/osertao.com\/?page_id=3"},"modified":"2025-08-21T16:00:44","modified_gmt":"2025-08-21T19:00:44","slug":"politica-de-privacidade","status":"publish","type":"page","link":"https:\/\/osertao.com\/index.php\/politica-de-privacidade\/","title":{"rendered":"Quem Somos"},"content":{"rendered":"\r\n<h2 class=\"wp-block-heading\">Lives do Jornal nas redes sociais<\/h2>\r\n\r\n\r\n\r\n<p><strong class=\"privacy-policy-tutorial\">\u00a0<\/strong>O endere\u00e7o do nosso site \u00e9: https:\/\/osertao.com.<\/p>\r\n\r\n\r\n\r\n<div style=\"width: 640px;\" class=\"wp-video\"><video class=\"wp-video-shortcode\" id=\"video-3-1\" width=\"640\" height=\"360\" loop autoplay preload=\"metadata\" controls=\"controls\"><source type=\"video\/mp4\" src=\"https:\/\/osertao.com\/wp-content\/uploads\/2024\/06\/Live-face-.mp4?_=1\" \/><a href=\"https:\/\/osertao.com\/wp-content\/uploads\/2024\/06\/Live-face-.mp4\">https:\/\/osertao.com\/wp-content\/uploads\/2024\/06\/Live-face-.mp4<\/a><\/video><\/div>\r\n<p>&nbsp;<\/p>\r\n<p><img loading=\"lazy\" decoding=\"async\" class=\"alignnone size-medium wp-image-405\" src=\"https:\/\/osertao.com\/wp-content\/uploads\/2025\/07\/Mario-farol-300x250.jpg\" alt=\"\" width=\"300\" height=\"250\" srcset=\"https:\/\/osertao.com\/wp-content\/uploads\/2025\/07\/Mario-farol-300x250.jpg 300w, https:\/\/osertao.com\/wp-content\/uploads\/2025\/07\/Mario-farol-1060x885.jpg 1060w, https:\/\/osertao.com\/wp-content\/uploads\/2025\/07\/Mario-farol-768x641.jpg 768w, https:\/\/osertao.com\/wp-content\/uploads\/2025\/07\/Mario-farol-1536x1282.jpg 1536w, https:\/\/osertao.com\/wp-content\/uploads\/2025\/07\/Mario-farol.jpg 1744w\" sizes=\"auto, (max-width: 300px) 100vw, 300px\" \/><\/p>\r\n<p>M\u00e1rio Silva do Sert\u00e3o<\/p>\r\n<p>Propriet\u00e1rio do site: www.osertao.com<\/p>\r\n<p><img loading=\"lazy\" decoding=\"async\" class=\"alignnone wp-image-399 size-large\" src=\"https:\/\/osertao.com\/wp-content\/uploads\/2025\/07\/490856250_24150058161251334_1640847389031964650_n-1060x795.jpg\" alt=\"\" width=\"640\" height=\"480\" srcset=\"https:\/\/osertao.com\/wp-content\/uploads\/2025\/07\/490856250_24150058161251334_1640847389031964650_n-1060x795.jpg 1060w, https:\/\/osertao.com\/wp-content\/uploads\/2025\/07\/490856250_24150058161251334_1640847389031964650_n-300x225.jpg 300w, https:\/\/osertao.com\/wp-content\/uploads\/2025\/07\/490856250_24150058161251334_1640847389031964650_n-768x576.jpg 768w, https:\/\/osertao.com\/wp-content\/uploads\/2025\/07\/490856250_24150058161251334_1640847389031964650_n-1536x1152.jpg 1536w, https:\/\/osertao.com\/wp-content\/uploads\/2025\/07\/490856250_24150058161251334_1640847389031964650_n-136x102.jpg 136w, https:\/\/osertao.com\/wp-content\/uploads\/2025\/07\/490856250_24150058161251334_1640847389031964650_n.jpg 2048w\" sizes=\"auto, (max-width: 640px) 100vw, 640px\" \/><\/p>\r\n<p>Geisa Oliveira no trabalho de dobragem do jornal impresso e Rennier Mascarenhas, filho do Diretor do Jornal M\u00e1rio Silva<\/p>\r\n<p>&#8212;&#8212;&#8212;&#8212;&#8212;&#8212;&#8212;&#8212;&#8212;&#8212;&#8212;&#8212;&#8212;&#8212;&#8212;&#8212;&#8212;&#8212;&#8212;&#8212;&#8212;&#8212;&#8212;&#8212;&#8212;&#8212;&#8212;&#8212;&#8212;&#8212;&#8212;&#8212;&#8212;&#8212;&#8212;&#8212;&#8212;&#8212;&#8212;&#8212;&#8212;&#8212;&#8212;-<\/p>\r\n<p><img loading=\"lazy\" decoding=\"async\" class=\"alignnone wp-image-400 size-large\" src=\"https:\/\/osertao.com\/wp-content\/uploads\/2025\/07\/102_3969-1060x795.jpg\" alt=\"\" width=\"640\" height=\"480\" srcset=\"https:\/\/osertao.com\/wp-content\/uploads\/2025\/07\/102_3969-1060x795.jpg 1060w, https:\/\/osertao.com\/wp-content\/uploads\/2025\/07\/102_3969-300x225.jpg 300w, https:\/\/osertao.com\/wp-content\/uploads\/2025\/07\/102_3969-768x576.jpg 768w, https:\/\/osertao.com\/wp-content\/uploads\/2025\/07\/102_3969-1536x1152.jpg 1536w, https:\/\/osertao.com\/wp-content\/uploads\/2025\/07\/102_3969-2048x1536.jpg 2048w, https:\/\/osertao.com\/wp-content\/uploads\/2025\/07\/102_3969-136x102.jpg 136w\" sizes=\"auto, (max-width: 640px) 100vw, 640px\" \/><\/p>\r\n<p>Ane Gordiano\u00a0 &#8211; Editora, M\u00e1rio Silva Diretor e Morgana Gon\u00e7alves &#8211; Jornalista<\/p>\r\n<p>&#8212;&#8212;&#8212;&#8212;&#8212;&#8212;&#8212;&#8212;&#8212;&#8212;&#8212;&#8212;&#8212;&#8212;&#8212;&#8212;&#8212;&#8212;&#8212;&#8212;&#8212;&#8212;&#8212;&#8212;&#8212;&#8212;&#8212;&#8212;&#8212;&#8212;&#8212;&#8212;&#8212;&#8212;&#8212;&#8212;&#8212;&#8212;&#8212;&#8212;&#8212;&#8212;&#8212;&#8212;-<\/p>\r\n<p><img loading=\"lazy\" decoding=\"async\" class=\"alignnone wp-image-401 size-large\" src=\"https:\/\/osertao.com\/wp-content\/uploads\/2025\/07\/102_3971-1060x795.jpg\" alt=\"\" width=\"640\" height=\"480\" srcset=\"https:\/\/osertao.com\/wp-content\/uploads\/2025\/07\/102_3971-1060x795.jpg 1060w, https:\/\/osertao.com\/wp-content\/uploads\/2025\/07\/102_3971-300x225.jpg 300w, https:\/\/osertao.com\/wp-content\/uploads\/2025\/07\/102_3971-768x576.jpg 768w, https:\/\/osertao.com\/wp-content\/uploads\/2025\/07\/102_3971-1536x1152.jpg 1536w, https:\/\/osertao.com\/wp-content\/uploads\/2025\/07\/102_3971-2048x1536.jpg 2048w, https:\/\/osertao.com\/wp-content\/uploads\/2025\/07\/102_3971-136x102.jpg 136w\" sizes=\"auto, (max-width: 640px) 100vw, 640px\" \/><\/p>\r\n<p>Ane Gordiano &#8211; Editora e supervisora do Jornal Impresso.<\/p>\r\n<p>&#8212;&#8212;&#8212;&#8212;&#8212;&#8212;&#8212;&#8212;&#8212;&#8212;&#8212;&#8212;&#8212;&#8212;&#8212;&#8212;&#8212;&#8212;&#8212;&#8212;&#8212;&#8212;&#8212;&#8212;&#8212;&#8212;&#8212;&#8212;&#8212;&#8212;&#8212;&#8212;&#8212;&#8212;&#8212;&#8212;&#8212;&#8212;&#8212;&#8212;&#8212;&#8212;&#8212;&#8212;<\/p>\r\n<p><img loading=\"lazy\" decoding=\"async\" class=\"alignnone wp-image-402 size-large\" src=\"https:\/\/osertao.com\/wp-content\/uploads\/2025\/07\/Morgana-1060x997.jpg\" alt=\"\" width=\"640\" height=\"602\" srcset=\"https:\/\/osertao.com\/wp-content\/uploads\/2025\/07\/Morgana-1060x997.jpg 1060w, https:\/\/osertao.com\/wp-content\/uploads\/2025\/07\/Morgana-300x282.jpg 300w, https:\/\/osertao.com\/wp-content\/uploads\/2025\/07\/Morgana-768x722.jpg 768w, https:\/\/osertao.com\/wp-content\/uploads\/2025\/07\/Morgana-1536x1445.jpg 1536w, https:\/\/osertao.com\/wp-content\/uploads\/2025\/07\/Morgana-2048x1926.jpg 2048w\" sizes=\"auto, (max-width: 640px) 100vw, 640px\" \/><\/p>\r\n<p>Jornalista Morgana Gon\u00e7alves &#8211; Jacobina<\/p>\r\n<p>&#8212;&#8212;&#8212;&#8212;&#8212;&#8212;&#8212;&#8212;&#8212;&#8212;&#8212;&#8212;&#8212;&#8212;&#8212;&#8212;&#8212;&#8212;&#8212;&#8212;&#8212;&#8212;&#8212;&#8212;&#8212;&#8212;&#8212;&#8212;&#8212;&#8212;&#8212;&#8212;&#8212;&#8212;&#8212;&#8212;&#8212;&#8212;&#8212;&#8212;&#8212;&#8212;&#8212;&#8212;<\/p>\r\n<p><img loading=\"lazy\" decoding=\"async\" class=\"alignnone wp-image-403 \" src=\"https:\/\/osertao.com\/wp-content\/uploads\/2025\/07\/486576990_24011122201811598_5915642754121850705_n.jpg\" alt=\"In memoriam - Ant\u00f4nio Magalh\u00e3es - Correspondente em Feira de Santana.\" width=\"640\" height=\"366\" srcset=\"https:\/\/osertao.com\/wp-content\/uploads\/2025\/07\/486576990_24011122201811598_5915642754121850705_n.jpg 856w, https:\/\/osertao.com\/wp-content\/uploads\/2025\/07\/486576990_24011122201811598_5915642754121850705_n-300x172.jpg 300w, https:\/\/osertao.com\/wp-content\/uploads\/2025\/07\/486576990_24011122201811598_5915642754121850705_n-768x440.jpg 768w\" sizes=\"auto, (max-width: 640px) 100vw, 640px\" \/><\/p>\r\n<p>In memoriam &#8211; Fotografo Antonio Magalh\u00e3es &#8211; Correspondente em Feira de Santana.<\/p>\r\n<p>&#8212;&#8212;&#8212;&#8212;&#8212;&#8212;&#8212;&#8212;&#8212;&#8212;&#8212;&#8212;&#8212;&#8212;&#8212;&#8212;&#8212;&#8212;&#8212;&#8212;&#8212;&#8212;&#8212;&#8212;&#8212;&#8212;&#8212;&#8212;&#8212;&#8212;&#8212;&#8212;&#8212;&#8212;&#8212;&#8212;&#8212;&#8212;&#8212;&#8212;&#8212;&#8212;&#8212;<\/p>\r\n","protected":false},"excerpt":{"rendered":"<p>Lives do Jornal nas redes sociais \u00a0O endere\u00e7o do nosso site \u00e9: https:\/\/osertao.com. &nbsp; M\u00e1rio Silva do Sert\u00e3o Propriet\u00e1rio do site: www.osertao.com Geisa Oliveira no trabalho de dobragem do jornal impresso e Rennier Mascarenhas, filho do Diretor do Jornal M\u00e1rio Silva &#8212;&#8212;&#8212;&#8212;&#8212;&#8212;&#8212;&#8212;&#8212;&#8212;&#8212;&#8212;&#8212;&#8212;&#8212;&#8212;&#8212;&#8212;&#8212;&#8212;&#8212;&#8212;&#8212;&#8212;&#8212;&#8212;&#8212;&#8212;&#8212;&#8212;&#8212;&#8212;&#8212;&#8212;&#8212;&#8212;&#8212;&#8212;&#8212;&#8212;&#8212;&#8212;&#8212;- Ane Gordiano\u00a0 &#8211; Editora, M\u00e1rio Silva Diretor e Morgana Gon\u00e7alves &#8211; Jornalista &#8212;&#8212;&#8212;&#8212;&#8212;&#8212;&#8212;&#8212;&#8212;&#8212;&#8212;&#8212;&#8212;&#8212;&#8212;&#8212;&#8212;&#8212;&#8212;&#8212;&#8212;&#8212;&#8212;&#8212;&#8212;&#8212;&#8212;&#8212;&#8212;&#8212;&#8212;&#8212;&#8212;&#8212;&#8212;&#8212;&#8212;&#8212;&#8212;&#8212;&#8212;&#8212;&#8212;&#8212;- [&hellip;]<\/p>\n","protected":false},"author":1,"featured_media":0,"parent":0,"menu_order":0,"comment_status":"closed","ping_status":"open","template":"","meta":{"footnotes":""},"class_list":["post-3","page","type-page","status-publish","hentry"],"_links":{"self":[{"href":"https:\/\/osertao.com\/index.php\/wp-json\/wp\/v2\/pages\/3","targetHints":{"allow":["GET"]}}],"collection":[{"href":"https:\/\/osertao.com\/index.php\/wp-json\/wp\/v2\/pages"}],"about":[{"href":"https:\/\/osertao.com\/index.php\/wp-json\/wp\/v2\/types\/page"}],"author":[{"embeddable":true,"href":"https:\/\/osertao.com\/index.php\/wp-json\/wp\/v2\/users\/1"}],"replies":[{"embeddable":true,"href":"https:\/\/osertao.com\/index.php\/wp-json\/wp\/v2\/comments?post=3"}],"version-history":[{"count":9,"href":"https:\/\/osertao.com\/index.php\/wp-json\/wp\/v2\/pages\/3\/revisions"}],"predecessor-version":[{"id":557,"href":"https:\/\/osertao.com\/index.php\/wp-json\/wp\/v2\/pages\/3\/revisions\/557"}],"wp:attachment":[{"href":"https:\/\/osertao.com\/index.php\/wp-json\/wp\/v2\/media?parent=3"}],"curies":[{"name":"wp","href":"https:\/\/api.w.org\/{rel}","templated":true}]}}